{"id":10014,"date":"2026-04-10T22:44:04","date_gmt":"2026-04-10T20:44:04","guid":{"rendered":"https:\/\/shopini.tn\/?post_type=product&#038;p=10014"},"modified":"2026-04-11T01:19:01","modified_gmt":"2026-04-10T23:19:01","slug":"scale","status":"publish","type":"product","link":"https:\/\/shopini.tn\/ar\/product\/scale\/","title":{"rendered":"Scale"},"content":{"rendered":"<p data-start=\"154\" data-end=\"226\"><strong data-start=\"154\" data-end=\"226\">Scale \u2013 Acc\u00e9l\u00e9rez vos ventes et d\u00e9veloppez votre visibilit\u00e9 en ligne<\/strong><\/p>\n<p data-start=\"228\" data-end=\"370\">Avec le plan Scale, int\u00e9grez rapidement votre catalogue au marketplace Shopini et acc\u00e9dez \u00e0 une audience active et qualifi\u00e9e, pr\u00eate \u00e0 acheter.<\/p>\n<p data-start=\"372\" data-end=\"550\">Sans avoir besoin de cr\u00e9er ou modifier votre site, vous b\u00e9n\u00e9ficiez imm\u00e9diatement d\u2019un nouveau canal de vente performant, con\u00e7u pour maximiser votre visibilit\u00e9 et vos conversions.<\/p>\n<p data-start=\"552\" data-end=\"643\">\ud83d\udc49 Shopini s\u2019occupe de vous apporter des clients.<br data-start=\"601\" data-end=\"604\" \/>\ud83d\udc49 Vous vous concentrez sur vos ventes.<\/p>\n<p data-start=\"645\" data-end=\"670\"><strong data-start=\"645\" data-end=\"670\">Ce que vous obtenez :<\/strong><\/p>\n<p data-start=\"672\" data-end=\"913\">\u2714 Diffusion de vos produits sur le marketplace Shopini<br data-start=\"726\" data-end=\"729\" \/>\u2714 Acc\u00e8s \u00e0 une audience cibl\u00e9e et active<br data-start=\"768\" data-end=\"771\" \/>\u2714 Augmentation de votre visibilit\u00e9 en ligne<br data-start=\"814\" data-end=\"817\" \/>\u2714 Canal de vente suppl\u00e9mentaire imm\u00e9diat<br data-start=\"857\" data-end=\"860\" \/>\u2714 Mise en avant via des campagnes marketing cibl\u00e9es<\/p>\n<p data-start=\"915\" data-end=\"1052\"><strong data-start=\"915\" data-end=\"931\">Id\u00e9al pour :<\/strong><br data-start=\"931\" data-end=\"934\" \/>Entreprises, commer\u00e7ants et e-commer\u00e7ants souhaitant d\u00e9velopper rapidement leurs ventes sans investissement technique.<\/p>","protected":false},"excerpt":{"rendered":"<p data-start=\"1100\" data-end=\"1149\"><strong data-start=\"1100\" data-end=\"1149\">Scale \u2013 Boostez vos ventes sans cr\u00e9er de site<\/strong><\/p>\n<p data-start=\"1151\" data-end=\"1323\">Diffusez vos produits sur Shopini et touchez une audience qualifi\u00e9e d\u00e8s aujourd\u2019hui.<br data-start=\"1235\" data-end=\"1238\" \/>Un canal de vente simple, rapide et efficace pour augmenter votre chiffre d\u2019affaires.<\/p>\n<p data-start=\"1660\" data-end=\"1740\"><strong data-start=\"1660\" data-end=\"1740\">Rejoignez des vendeurs qui g\u00e9n\u00e8rent d\u00e9j\u00e0 des ventes chaque jour sur Shopini.<\/strong><\/p>","protected":false},"featured_media":10030,"comment_status":"open","ping_status":"closed","template":"","meta":{"_joinchat":[]},"product_brand":[],"product_cat":[15],"product_tag":[],"class_list":{"0":"post-10014","1":"product","2":"type-product","3":"status-publish","4":"has-post-thumbnail","6":"product_cat-offres","8":"first","9":"instock","10":"sale","11":"taxable","12":"shipping-taxable","13":"purchasable","14":"product-type-variable-subscription"},"aioseo_notices":[],"_links":{"self":[{"href":"https:\/\/shopini.tn\/ar\/wp-json\/wp\/v2\/product\/10014","targetHints":{"allow":["GET"]}}],"collection":[{"href":"https:\/\/shopini.tn\/ar\/wp-json\/wp\/v2\/product"}],"about":[{"href":"https:\/\/shopini.tn\/ar\/wp-json\/wp\/v2\/types\/product"}],"replies":[{"embeddable":true,"href":"https:\/\/shopini.tn\/ar\/wp-json\/wp\/v2\/comments?post=10014"}],"wp:featuredmedia":[{"embeddable":true,"href":"https:\/\/shopini.tn\/ar\/wp-json\/wp\/v2\/media\/10030"}],"wp:attachment":[{"href":"https:\/\/shopini.tn\/ar\/wp-json\/wp\/v2\/media?parent=10014"}],"wp:term":[{"taxonomy":"product_brand","embeddable":true,"href":"https:\/\/shopini.tn\/ar\/wp-json\/wp\/v2\/product_brand?post=10014"},{"taxonomy":"product_cat","embeddable":true,"href":"https:\/\/shopini.tn\/ar\/wp-json\/wp\/v2\/product_cat?post=10014"},{"taxonomy":"product_tag","embeddable":true,"href":"https:\/\/shopini.tn\/ar\/wp-json\/wp\/v2\/product_tag?post=10014"}],"curies":[{"name":"wp","href":"https:\/\/api.w.org\/{rel}","templated":true}]}}